{"id":528,"date":"2024-08-19T10:05:57","date_gmt":"2024-08-19T08:05:57","guid":{"rendered":"https:\/\/www.mariahuset.se\/?page_id=528"},"modified":"2026-02-17T10:29:35","modified_gmt":"2026-02-17T09:29:35","slug":"foreningen-linneahuset","status":"publish","type":"page","link":"https:\/\/www.mariahuset.se\/?page_id=528","title":{"rendered":"F\u00f6reningen Linneahuset"},"content":{"rendered":"\t\t<div data-elementor-type=\"wp-page\" data-elementor-id=\"528\" class=\"elementor elementor-528\" data-elementor-post-type=\"page\">\n\t\t\t\t<div class=\"elementor-element elementor-element-2e4c200 e-flex e-con-boxed e-con e-parent\" data-id=\"2e4c200\" data-element_type=\"container\" data-settings=\"{&quot;background_background&quot;:&quot;classic&quot;}\">\n\t\t\t\t\t<div class=\"e-con-inner\">\n\t\t<div class=\"elementor-element elementor-element-0e52558 e-con-full e-flex e-con e-child\" data-id=\"0e52558\" data-element_type=\"container\">\n\t\t\t\t<div class=\"elementor-element elementor-element-6ead0e8 elementor-widget elementor-widget-heading\" data-id=\"6ead0e8\" data-element_type=\"widget\" data-widget_type=\"heading.default\">\n\t\t\t\t<div class=\"elementor-widget-container\">\n\t\t\t\t\t<h2 class=\"elementor-heading-title elementor-size-default\">F\u00d6RENINGEN LINNEAHUSET<\/h2>\t\t\t\t<\/div>\n\t\t\t\t<\/div>\n\t\t\t\t<div class=\"elementor-element elementor-element-8f71634 elementor-widget elementor-widget-text-editor\" data-id=\"8f71634\" data-element_type=\"widget\" data-widget_type=\"text-editor.default\">\n\t\t\t\t<div class=\"elementor-widget-container\">\n\t\t\t\t\t\t\t\t\t<p>Mariahuset \u00e4r en del av F\u00f6reningen Linneahusets arbete. F\u00f6reningen Linneahuset startades 1972 d\u00e5 fastigheten p\u00e5 Linn\u00e9gatan 35, G\u00f6teborg, k\u00f6ptes. I f\u00f6reningens stadgar st\u00e5r att vi ska arbeta med evangelisation och diakonalt arbete i storg\u00f6teborg. F\u00f6reningen Linneahuset driver ocks\u00e5&nbsp;<a href=\"https:\/\/betelskeppet.se\" target=\"_blank\" rel=\"noopener\">Betelskeppet<\/a>, Hoppet,&nbsp;<a href=\"https:\/\/linneahuset.se\" target=\"_blank\" rel=\"noopener\">Linneahuset<\/a> och <a href=\"https:\/\/linneakyrkan.se\" target=\"_blank\" rel=\"noopener\">Linneakyrkan<\/a>.<\/p>\t\t\t\t\t\t\t\t<\/div>\n\t\t\t\t<\/div>\n\t\t\t\t<\/div>\n\t\t\t\t\t<\/div>\n\t\t\t\t<\/div>\n\t\t<div class=\"elementor-element elementor-element-cf5d10a e-flex e-con-boxed e-con e-parent\" data-id=\"cf5d10a\" data-element_type=\"container\" data-settings=\"{&quot;background_background&quot;:&quot;classic&quot;}\">\n\t\t\t\t\t<div class=\"e-con-inner\">\n\t\t<div class=\"elementor-element elementor-element-106dd70 e-con-full e-flex e-con e-child\" data-id=\"106dd70\" data-element_type=\"container\">\n\t\t\t\t<div class=\"elementor-element elementor-element-b9efc64 elementor-widget elementor-widget-image\" data-id=\"b9efc64\" data-element_type=\"widget\" data-widget_type=\"image.default\">\n\t\t\t\t<div class=\"elementor-widget-container\">\n\t\t\t\t\t\t\t\t\t\t\t\t\t\t\t<img fetchpriority=\"high\" decoding=\"async\" width=\"430\" height=\"520\" src=\"https:\/\/www.mariahuset.se\/wp-content\/uploads\/2024\/08\/Linnegatan_35_Linneakyrkan.jpg.png\" class=\"attachment-large size-large wp-image-557\" alt=\"\" srcset=\"https:\/\/www.mariahuset.se\/wp-content\/uploads\/2024\/08\/Linnegatan_35_Linneakyrkan.jpg.png 430w, https:\/\/www.mariahuset.se\/wp-content\/uploads\/2024\/08\/Linnegatan_35_Linneakyrkan.jpg-248x300.png 248w\" sizes=\"(max-width: 430px) 100vw, 430px\" \/>\t\t\t\t\t\t\t\t\t\t\t\t\t\t\t<\/div>\n\t\t\t\t<\/div>\n\t\t\t\t<\/div>\n\t\t<div class=\"elementor-element elementor-element-36b16d2 e-con-full e-flex e-con e-child\" data-id=\"36b16d2\" data-element_type=\"container\">\n\t\t\t\t<div class=\"elementor-element elementor-element-8beb3f5 elementor-widget elementor-widget-image\" data-id=\"8beb3f5\" data-element_type=\"widget\" data-widget_type=\"image.default\">\n\t\t\t\t<div class=\"elementor-widget-container\">\n\t\t\t\t\t\t\t\t\t\t\t\t\t\t\t<img decoding=\"async\" width=\"680\" height=\"510\" src=\"https:\/\/www.mariahuset.se\/wp-content\/uploads\/2024\/08\/betelskeppet.jpg\" class=\"attachment-large size-large wp-image-558\" alt=\"\" srcset=\"https:\/\/www.mariahuset.se\/wp-content\/uploads\/2024\/08\/betelskeppet.jpg 680w, https:\/\/www.mariahuset.se\/wp-content\/uploads\/2024\/08\/betelskeppet-300x225.jpg 300w\" sizes=\"(max-width: 680px) 100vw, 680px\" \/>\t\t\t\t\t\t\t\t\t\t\t\t\t\t\t<\/div>\n\t\t\t\t<\/div>\n\t\t\t\t<\/div>\n\t\t\t\t\t<\/div>\n\t\t\t\t<\/div>\n\t\t<div class=\"elementor-element elementor-element-3a55b2d e-flex e-con-boxed e-con e-parent\" data-id=\"3a55b2d\" data-element_type=\"container\" data-settings=\"{&quot;background_background&quot;:&quot;classic&quot;}\">\n\t\t\t\t\t<div class=\"e-con-inner\">\n\t\t\t\t<div class=\"elementor-element elementor-element-6fbc0fa elementor-widget-divider--view-line elementor-widget elementor-widget-divider\" data-id=\"6fbc0fa\" data-element_type=\"widget\" data-widget_type=\"divider.default\">\n\t\t\t\t<div class=\"elementor-widget-container\">\n\t\t\t\t\t\t\t<div class=\"elementor-divider\">\n\t\t\t<span class=\"elementor-divider-separator\">\n\t\t\t\t\t\t<\/span>\n\t\t<\/div>\n\t\t\t\t\t\t<\/div>\n\t\t\t\t<\/div>\n\t\t\t\t\t<\/div>\n\t\t\t\t<\/div>\n\t\t\t\t<\/div>\n\t\t","protected":false},"excerpt":{"rendered":"<p>F\u00d6RENINGEN LINNEAHUSET Mariahuset \u00e4r en del av F\u00f6reningen Linneahusets arbete. F\u00f6reningen Linneahuset startades 1972 d\u00e5 fastigheten p\u00e5 Linn\u00e9gatan 35, G\u00f6teborg, k\u00f6ptes. I f\u00f6reningens stadgar st\u00e5r att vi ska arbeta med evangelisation och diakonalt arbete i storg\u00f6teborg. F\u00f6reningen Linneahuset driver ocks\u00e5&nbsp;Betelskeppet, Hoppet,&nbsp;Linneahuset och Linneakyrkan.<\/p>\n","protected":false},"author":1,"featured_media":0,"parent":0,"menu_order":0,"comment_status":"closed","ping_status":"closed","template":"","meta":{"footnotes":""},"class_list":["post-528","page","type-page","status-publish","hentry"],"_links":{"self":[{"href":"https:\/\/www.mariahuset.se\/index.php?rest_route=\/wp\/v2\/pages\/528","targetHints":{"allow":["GET"]}}],"collection":[{"href":"https:\/\/www.mariahuset.se\/index.php?rest_route=\/wp\/v2\/pages"}],"about":[{"href":"https:\/\/www.mariahuset.se\/index.php?rest_route=\/wp\/v2\/types\/page"}],"author":[{"embeddable":true,"href":"https:\/\/www.mariahuset.se\/index.php?rest_route=\/wp\/v2\/users\/1"}],"replies":[{"embeddable":true,"href":"https:\/\/www.mariahuset.se\/index.php?rest_route=%2Fwp%2Fv2%2Fcomments&post=528"}],"version-history":[{"count":49,"href":"https:\/\/www.mariahuset.se\/index.php?rest_route=\/wp\/v2\/pages\/528\/revisions"}],"predecessor-version":[{"id":960,"href":"https:\/\/www.mariahuset.se\/index.php?rest_route=\/wp\/v2\/pages\/528\/revisions\/960"}],"wp:attachment":[{"href":"https:\/\/www.mariahuset.se\/index.php?rest_route=%2Fwp%2Fv2%2Fmedia&parent=528"}],"curies":[{"name":"wp","href":"https:\/\/api.w.org\/{rel}","templated":true}]}}