{"id":2,"date":"2024-05-23T14:57:20","date_gmt":"2024-05-23T12:57:20","guid":{"rendered":"https:\/\/www.mariahuset.se\/?page_id=2"},"modified":"2026-02-17T10:53:03","modified_gmt":"2026-02-17T09:53:03","slug":"startsida","status":"publish","type":"page","link":"https:\/\/www.mariahuset.se\/","title":{"rendered":"startsida"},"content":{"rendered":"\t\t<div data-elementor-type=\"wp-page\" data-elementor-id=\"2\" class=\"elementor elementor-2\" data-elementor-post-type=\"page\">\n\t\t\t\t<div class=\"elementor-element elementor-element-a8a0929 e-flex e-con-boxed e-con e-parent\" data-id=\"a8a0929\" data-element_type=\"container\" data-settings=\"{&quot;background_background&quot;:&quot;classic&quot;}\">\n\t\t\t\t\t<div class=\"e-con-inner\">\n\t\t<div class=\"elementor-element elementor-element-e7a5532 e-con-full e-flex e-con e-child\" data-id=\"e7a5532\" data-element_type=\"container\" data-settings=\"{&quot;background_background&quot;:&quot;classic&quot;}\">\n\t\t\t\t<\/div>\n\t\t<div class=\"elementor-element elementor-element-05b6129 e-con-full e-flex e-con e-child\" data-id=\"05b6129\" data-element_type=\"container\">\n\t\t\t\t<div class=\"elementor-element elementor-element-9bdea9a elementor-widget elementor-widget-heading\" data-id=\"9bdea9a\" data-element_type=\"widget\" data-widget_type=\"heading.default\">\n\t\t\t\t<div class=\"elementor-widget-container\">\n\t\t\t\t\t<h2 class=\"elementor-heading-title elementor-size-default\">VAD \u00c4R MARIAHUSET?<\/h2>\t\t\t\t<\/div>\n\t\t\t\t<\/div>\n\t\t\t\t<div class=\"elementor-element elementor-element-3223807 elementor-widget elementor-widget-text-editor\" data-id=\"3223807\" data-element_type=\"widget\" data-widget_type=\"text-editor.default\">\n\t\t\t\t<div class=\"elementor-widget-container\">\n\t\t\t\t\t\t\t\t\t<p>Mariahuset \u00e4r ett boende f\u00f6r kvinnor som drivs p\u00e5 kristen grund av F\u00f6reningen Linneahuset. Hit v\u00e4lkomnar vi kvinnor som \u00e4r i behov av tillf\u00e4lligt boende. Mariahuset har ett natursk\u00f6nt l\u00e4ge vid havet, en bit utanf\u00f6r G\u00f6teborg. H\u00e4r \u00f6nskar vi att hj\u00e4lpa varje kvinna att komma vidare i livet och att Mariahuset f\u00e5r bli en viloplats och en spr\u00e5ngbr\u00e4da.<\/p><p>Vi tror att det finns hopp f\u00f6r varje person oavsett bakgrund och livssituation.<\/p>\t\t\t\t\t\t\t\t<\/div>\n\t\t\t\t<\/div>\n\t\t\t\t<\/div>\n\t\t\t\t\t<\/div>\n\t\t\t\t<\/div>\n\t\t<div class=\"elementor-element elementor-element-6aa1b18 elementor-hidden-mobile elementor-hidden-tablet e-flex e-con-boxed e-con e-parent\" data-id=\"6aa1b18\" data-element_type=\"container\" data-settings=\"{&quot;background_background&quot;:&quot;classic&quot;}\">\n\t\t\t\t\t<div class=\"e-con-inner\">\n\t\t<div class=\"elementor-element elementor-element-1c9ab31 e-con-full elementor-hidden-mobile e-flex e-con e-child\" data-id=\"1c9ab31\" data-element_type=\"container\" data-settings=\"{&quot;background_background&quot;:&quot;classic&quot;}\">\n\t\t\t\t<div class=\"elementor-element elementor-element-f4ceeaa elementor-hidden-mobile elementor-widget elementor-widget-image\" data-id=\"f4ceeaa\" data-element_type=\"widget\" data-widget_type=\"image.default\">\n\t\t\t\t<div class=\"elementor-widget-container\">\n\t\t\t\t\t\t\t\t\t\t\t\t\t\t\t<img decoding=\"async\" src=\"https:\/\/www.mariahuset.se\/wp-content\/uploads\/elementor\/thumbs\/cropped-Mariahuset-logga-med-ram-qox4zmqqeh9zjzz76cyaatkpcpfj8ah4q4hif57o9w.png\" title=\"cropped-Mariahuset-logga-med-ram.png\" alt=\"cropped-Mariahuset-logga-med-ram.png\" loading=\"lazy\" \/>\t\t\t\t\t\t\t\t\t\t\t\t\t\t\t<\/div>\n\t\t\t\t<\/div>\n\t\t\t\t<\/div>\n\t\t<div class=\"elementor-element elementor-element-a42827a e-con-full e-transform elementor-hidden-mobile e-flex e-con e-child\" data-id=\"a42827a\" data-element_type=\"container\" data-settings=\"{&quot;_transform_translateY_effect&quot;:{&quot;unit&quot;:&quot;px&quot;,&quot;size&quot;:-180,&quot;sizes&quot;:[]},&quot;_transform_translateX_effect&quot;:{&quot;unit&quot;:&quot;px&quot;,&quot;size&quot;:&quot;&quot;,&quot;sizes&quot;:[]},&quot;_transform_translateX_effect_tablet&quot;:{&quot;unit&quot;:&quot;px&quot;,&quot;size&quot;:&quot;&quot;,&quot;sizes&quot;:[]},&quot;_transform_translateX_effect_mobile&quot;:{&quot;unit&quot;:&quot;px&quot;,&quot;size&quot;:&quot;&quot;,&quot;sizes&quot;:[]},&quot;_transform_translateY_effect_tablet&quot;:{&quot;unit&quot;:&quot;px&quot;,&quot;size&quot;:&quot;&quot;,&quot;sizes&quot;:[]},&quot;_transform_translateY_effect_mobile&quot;:{&quot;unit&quot;:&quot;px&quot;,&quot;size&quot;:&quot;&quot;,&quot;sizes&quot;:[]}}\">\n\t\t\t\t<div class=\"elementor-element elementor-element-ec29788 e-transform elementor-hidden-mobile elementor-widget elementor-widget-image\" data-id=\"ec29788\" data-element_type=\"widget\" data-settings=\"{&quot;_transform_translateX_effect&quot;:{&quot;unit&quot;:&quot;px&quot;,&quot;size&quot;:0,&quot;sizes&quot;:[]},&quot;_transform_translateX_effect_tablet&quot;:{&quot;unit&quot;:&quot;px&quot;,&quot;size&quot;:&quot;&quot;,&quot;sizes&quot;:[]},&quot;_transform_translateX_effect_mobile&quot;:{&quot;unit&quot;:&quot;px&quot;,&quot;size&quot;:&quot;&quot;,&quot;sizes&quot;:[]},&quot;_transform_translateY_effect&quot;:{&quot;unit&quot;:&quot;px&quot;,&quot;size&quot;:&quot;&quot;,&quot;sizes&quot;:[]},&quot;_transform_translateY_effect_tablet&quot;:{&quot;unit&quot;:&quot;px&quot;,&quot;size&quot;:&quot;&quot;,&quot;sizes&quot;:[]},&quot;_transform_translateY_effect_mobile&quot;:{&quot;unit&quot;:&quot;px&quot;,&quot;size&quot;:&quot;&quot;,&quot;sizes&quot;:[]}}\" data-widget_type=\"image.default\">\n\t\t\t\t<div class=\"elementor-widget-container\">\n\t\t\t\t\t\t\t\t\t\t\t\t\t\t\t<img fetchpriority=\"high\" decoding=\"async\" width=\"2560\" height=\"1656\" src=\"https:\/\/www.mariahuset.se\/wp-content\/uploads\/2026\/02\/tandem-x-visuals-re3W3coRzug-unsplash-1-scaled.jpg\" class=\"attachment-full size-full wp-image-904\" alt=\"\" srcset=\"https:\/\/www.mariahuset.se\/wp-content\/uploads\/2026\/02\/tandem-x-visuals-re3W3coRzug-unsplash-1-scaled.jpg 2560w, https:\/\/www.mariahuset.se\/wp-content\/uploads\/2026\/02\/tandem-x-visuals-re3W3coRzug-unsplash-1-300x194.jpg 300w, https:\/\/www.mariahuset.se\/wp-content\/uploads\/2026\/02\/tandem-x-visuals-re3W3coRzug-unsplash-1-1024x663.jpg 1024w, https:\/\/www.mariahuset.se\/wp-content\/uploads\/2026\/02\/tandem-x-visuals-re3W3coRzug-unsplash-1-768x497.jpg 768w, https:\/\/www.mariahuset.se\/wp-content\/uploads\/2026\/02\/tandem-x-visuals-re3W3coRzug-unsplash-1-1536x994.jpg 1536w, https:\/\/www.mariahuset.se\/wp-content\/uploads\/2026\/02\/tandem-x-visuals-re3W3coRzug-unsplash-1-2048x1325.jpg 2048w\" sizes=\"(max-width: 2560px) 100vw, 2560px\" \/>\t\t\t\t\t\t\t\t\t\t\t\t\t\t\t<\/div>\n\t\t\t\t<\/div>\n\t\t\t\t<\/div>\n\t\t\t\t\t<\/div>\n\t\t\t\t<\/div>\n\t\t<div class=\"elementor-element elementor-element-01ea338 e-transform e-flex e-con-boxed e-con e-parent\" data-id=\"01ea338\" data-element_type=\"container\" id=\"linneahuset\" data-settings=\"{&quot;background_background&quot;:&quot;classic&quot;,&quot;_transform_translateY_effect&quot;:{&quot;unit&quot;:&quot;px&quot;,&quot;size&quot;:-140,&quot;sizes&quot;:[]},&quot;_transform_translateY_effect_mobile&quot;:{&quot;unit&quot;:&quot;px&quot;,&quot;size&quot;:0,&quot;sizes&quot;:[]},&quot;_transform_translateY_effect_tablet&quot;:{&quot;unit&quot;:&quot;px&quot;,&quot;size&quot;:0,&quot;sizes&quot;:[]},&quot;_transform_translateX_effect&quot;:{&quot;unit&quot;:&quot;px&quot;,&quot;size&quot;:&quot;&quot;,&quot;sizes&quot;:[]},&quot;_transform_translateX_effect_tablet&quot;:{&quot;unit&quot;:&quot;px&quot;,&quot;size&quot;:&quot;&quot;,&quot;sizes&quot;:[]},&quot;_transform_translateX_effect_mobile&quot;:{&quot;unit&quot;:&quot;px&quot;,&quot;size&quot;:&quot;&quot;,&quot;sizes&quot;:[]}}\">\n\t\t\t\t\t<div class=\"e-con-inner\">\n\t\t<div class=\"elementor-element elementor-element-35e5661 e-con-full e-flex e-con e-child\" data-id=\"35e5661\" data-element_type=\"container\">\n\t\t\t\t<div class=\"elementor-element elementor-element-aea2ed2 elementor-widget elementor-widget-heading\" data-id=\"aea2ed2\" data-element_type=\"widget\" data-widget_type=\"heading.default\">\n\t\t\t\t<div class=\"elementor-widget-container\">\n\t\t\t\t\t<h2 class=\"elementor-heading-title elementor-size-default\">F\u00d6R VEM?<\/h2>\t\t\t\t<\/div>\n\t\t\t\t<\/div>\n\t\t\t\t<div class=\"elementor-element elementor-element-536beff elementor-widget elementor-widget-text-editor\" data-id=\"536beff\" data-element_type=\"widget\" data-widget_type=\"text-editor.default\">\n\t\t\t\t<div class=\"elementor-widget-container\">\n\t\t\t\t\t\t\t\t\t<p>Mariahuset \u00e4r ett boende f\u00f6r kvinnor \u00f6ver 21 \u00e5r som beh\u00f6ver ett tillf\u00e4lligt boende. Kanske n\u00e5gon snabbt beh\u00f6ver komma bort fr\u00e5n en destruktiv relation, har blivit heml\u00f6s, hamnat i ekonomisk knipa eller av annan anledning beh\u00f6ver st\u00f6d.<\/p><p>Mariahuset \u00e4r ett kollektivt boende med st\u00f6d som har upphandlat avtal med G\u00f6teborgs Stad och dess kranskommuner. Vi \u00e4r ett drog- och alkoholfritt boende. Mariahuset \u00e4r inte ett skyddat boende och kan d\u00e4rav inte ta emot kvinnor som har en aktiv hotbild \u00f6ver sig.<\/p>\t\t\t\t\t\t\t\t<\/div>\n\t\t\t\t<\/div>\n\t\t\t\t<\/div>\n\t\t<div class=\"elementor-element elementor-element-96c26a8 e-con-full e-flex e-con e-child\" data-id=\"96c26a8\" data-element_type=\"container\" data-settings=\"{&quot;background_background&quot;:&quot;classic&quot;}\">\n\t\t\t\t<\/div>\n\t\t\t\t\t<\/div>\n\t\t\t\t<\/div>\n\t\t<div class=\"elementor-element elementor-element-83ff4bc e-flex e-con-boxed e-con e-parent\" data-id=\"83ff4bc\" data-element_type=\"container\" id=\"praktiskinfo\">\n\t\t\t\t\t<div class=\"e-con-inner\">\n\t\t<div class=\"elementor-element elementor-element-ead9a88 e-con-full e-flex e-con e-child\" data-id=\"ead9a88\" data-element_type=\"container\" data-settings=\"{&quot;background_background&quot;:&quot;classic&quot;}\">\n\t\t\t\t<div class=\"elementor-element elementor-element-18db300 elementor-widget elementor-widget-heading\" data-id=\"18db300\" data-element_type=\"widget\" data-widget_type=\"heading.default\">\n\t\t\t\t<div class=\"elementor-widget-container\">\n\t\t\t\t\t<h2 class=\"elementor-heading-title elementor-size-default\">GEMENSKAP<\/h2>\t\t\t\t<\/div>\n\t\t\t\t<\/div>\n\t\t\t\t<div class=\"elementor-element elementor-element-a8bc980 elementor-widget elementor-widget-text-editor\" data-id=\"a8bc980\" data-element_type=\"widget\" data-widget_type=\"text-editor.default\">\n\t\t\t\t<div class=\"elementor-widget-container\">\n\t\t\t\t\t\t\t\t\t<p>Som boende h\u00e4r har man ett eget rum och delar k\u00f6k, vardagsrum och badrum. I huset delar vi vardagsliv och sysslor, och f\u00e5r ta del av samtal och aktiviteter.<\/p>\t\t\t\t\t\t\t\t<\/div>\n\t\t\t\t<\/div>\n\t\t\t\t<\/div>\n\t\t<div class=\"elementor-element elementor-element-8ba0d2c e-con-full e-flex e-con e-child\" data-id=\"8ba0d2c\" data-element_type=\"container\" data-settings=\"{&quot;background_background&quot;:&quot;classic&quot;}\">\n\t\t\t\t<div class=\"elementor-element elementor-element-cdcb4c1 elementor-widget elementor-widget-heading\" data-id=\"cdcb4c1\" data-element_type=\"widget\" data-widget_type=\"heading.default\">\n\t\t\t\t<div class=\"elementor-widget-container\">\n\t\t\t\t\t<h2 class=\"elementor-heading-title elementor-size-default\">TRYGGHET<\/h2>\t\t\t\t<\/div>\n\t\t\t\t<\/div>\n\t\t\t\t<div class=\"elementor-element elementor-element-af4cffd elementor-widget elementor-widget-text-editor\" data-id=\"af4cffd\" data-element_type=\"widget\" data-widget_type=\"text-editor.default\">\n\t\t\t\t<div class=\"elementor-widget-container\">\n\t\t\t\t\t\t\t\t\t<p>Huset ligger i natursk\u00f6n milj\u00f6 med goda m\u00f6jligheter till aktiviteter. Tillsammans skapar vi en s\u00e4ker och trygg milj\u00f6 med k\u00e4rleksfull atmosf\u00e4r d\u00e4r kvinnorna kan k\u00e4nna sig hemma och f\u00e5 v\u00e4xa och utvecklas. Nolltolerans mot droger och alkohol g\u00e4ller.<\/p>\t\t\t\t\t\t\t\t<\/div>\n\t\t\t\t<\/div>\n\t\t\t\t<\/div>\n\t\t<div class=\"elementor-element elementor-element-b74d1f1 e-con-full e-flex e-con e-child\" data-id=\"b74d1f1\" data-element_type=\"container\" data-settings=\"{&quot;background_background&quot;:&quot;classic&quot;}\">\n\t\t\t\t<div class=\"elementor-element elementor-element-8c7e595 elementor-widget elementor-widget-heading\" data-id=\"8c7e595\" data-element_type=\"widget\" data-widget_type=\"heading.default\">\n\t\t\t\t<div class=\"elementor-widget-container\">\n\t\t\t\t\t<h2 class=\"elementor-heading-title elementor-size-default\">ST\u00d6D<\/h2>\t\t\t\t<\/div>\n\t\t\t\t<\/div>\n\t\t\t\t<div class=\"elementor-element elementor-element-a52e453 elementor-widget elementor-widget-text-editor\" data-id=\"a52e453\" data-element_type=\"widget\" data-widget_type=\"text-editor.default\">\n\t\t\t\t<div class=\"elementor-widget-container\">\n\t\t\t\t\t\t\t\t\t<p>Dagliga m\u00f6ten, praktisk hj\u00e4lp och emotionellt st\u00f6d \u00e4r en del av vardagen h\u00e4r p\u00e5 Mariahuset.\u00a0Vid inflyttning utformas tillsammans med v\u00e5r personal en personlig handlingsplan f\u00f6r varje kvinna utifr\u00e5n behov och livssituation med m\u00e5let att hj\u00e4lpa den boende att f\u00e5 f\u00f6ruts\u00e4ttningar att komma vidare i livet.<\/p>\t\t\t\t\t\t\t\t<\/div>\n\t\t\t\t<\/div>\n\t\t\t\t<\/div>\n\t\t\t\t\t<\/div>\n\t\t\t\t<\/div>\n\t\t<div class=\"elementor-element elementor-element-4795919 e-transform e-flex e-con-boxed e-con e-parent\" data-id=\"4795919\" data-element_type=\"container\" id=\"vardegrund\" data-settings=\"{&quot;background_background&quot;:&quot;classic&quot;,&quot;_transform_translateY_effect&quot;:{&quot;unit&quot;:&quot;px&quot;,&quot;size&quot;:-140,&quot;sizes&quot;:[]},&quot;_transform_translateY_effect_mobile&quot;:{&quot;unit&quot;:&quot;px&quot;,&quot;size&quot;:0,&quot;sizes&quot;:[]},&quot;_transform_translateY_effect_tablet&quot;:{&quot;unit&quot;:&quot;px&quot;,&quot;size&quot;:0,&quot;sizes&quot;:[]},&quot;_transform_translateX_effect&quot;:{&quot;unit&quot;:&quot;px&quot;,&quot;size&quot;:&quot;&quot;,&quot;sizes&quot;:[]},&quot;_transform_translateX_effect_tablet&quot;:{&quot;unit&quot;:&quot;px&quot;,&quot;size&quot;:&quot;&quot;,&quot;sizes&quot;:[]},&quot;_transform_translateX_effect_mobile&quot;:{&quot;unit&quot;:&quot;px&quot;,&quot;size&quot;:&quot;&quot;,&quot;sizes&quot;:[]}}\">\n\t\t\t\t\t<div class=\"e-con-inner\">\n\t\t<div class=\"elementor-element elementor-element-d3a4e14 e-con-full e-flex e-con e-child\" data-id=\"d3a4e14\" data-element_type=\"container\">\n\t\t\t\t<div class=\"elementor-element elementor-element-95a9a03 elementor-widget elementor-widget-image\" data-id=\"95a9a03\" data-element_type=\"widget\" data-widget_type=\"image.default\">\n\t\t\t\t<div class=\"elementor-widget-container\">\n\t\t\t\t\t\t\t\t\t\t\t\t\t\t\t<img decoding=\"async\" width=\"584\" height=\"582\" src=\"https:\/\/www.mariahuset.se\/wp-content\/uploads\/2024\/08\/vbild.png\" class=\"attachment-medium_large size-medium_large wp-image-233\" alt=\"\" srcset=\"https:\/\/www.mariahuset.se\/wp-content\/uploads\/2024\/08\/vbild.png 584w, https:\/\/www.mariahuset.se\/wp-content\/uploads\/2024\/08\/vbild-300x300.png 300w, https:\/\/www.mariahuset.se\/wp-content\/uploads\/2024\/08\/vbild-150x150.png 150w\" sizes=\"(max-width: 584px) 100vw, 584px\" \/>\t\t\t\t\t\t\t\t\t\t\t\t\t\t\t<\/div>\n\t\t\t\t<\/div>\n\t\t\t\t<\/div>\n\t\t<div class=\"elementor-element elementor-element-68c3e15 e-con-full e-flex e-con e-child\" data-id=\"68c3e15\" data-element_type=\"container\">\n\t\t\t\t<div class=\"elementor-element elementor-element-6a7f154 elementor-widget elementor-widget-heading\" data-id=\"6a7f154\" data-element_type=\"widget\" data-widget_type=\"heading.default\">\n\t\t\t\t<div class=\"elementor-widget-container\">\n\t\t\t\t\t<h2 class=\"elementor-heading-title elementor-size-default\">V\u00c4RDEGRUND<\/h2>\t\t\t\t<\/div>\n\t\t\t\t<\/div>\n\t\t\t\t<div class=\"elementor-element elementor-element-7a979ef elementor-widget elementor-widget-text-editor\" data-id=\"7a979ef\" data-element_type=\"widget\" data-widget_type=\"text-editor.default\">\n\t\t\t\t<div class=\"elementor-widget-container\">\n\t\t\t\t\t\t\t\t\t<p><span style=\"font-weight: 400;\">Vi vill hj\u00e4lpa varje kvinna med praktiska och sj\u00e4lsliga behov. Vi \u00f6nskar att Mariahuset f\u00e5r vara en plats d\u00e4r man f\u00e5r m\u00f6tas av medm\u00e4nsklig k\u00e4rlek, hopp och framtidstro.<\/span><\/p>\t\t\t\t\t\t\t\t<\/div>\n\t\t\t\t<\/div>\n\t\t\t\t<\/div>\n\t\t\t\t\t<\/div>\n\t\t\t\t<\/div>\n\t\t\t\t<\/div>\n\t\t","protected":false},"excerpt":{"rendered":"<p>VAD \u00c4R MARIAHUSET? Mariahuset \u00e4r ett boende f\u00f6r kvinnor som drivs p\u00e5 kristen grund av F\u00f6reningen Linneahuset. Hit v\u00e4lkomnar vi kvinnor som \u00e4r i behov av tillf\u00e4lligt boende. Mariahuset har ett natursk\u00f6nt l\u00e4ge vid havet, en bit utanf\u00f6r G\u00f6teborg. H\u00e4r \u00f6nskar vi att hj\u00e4lpa varje kvinna att komma vidare i livet och att Mariahuset f\u00e5r [&hellip;]<\/p>\n","protected":false},"author":1,"featured_media":0,"parent":0,"menu_order":0,"comment_status":"closed","ping_status":"closed","template":"","meta":{"footnotes":""},"class_list":["post-2","page","type-page","status-publish","hentry"],"_links":{"self":[{"href":"https:\/\/www.mariahuset.se\/index.php?rest_route=\/wp\/v2\/pages\/2","targetHints":{"allow":["GET"]}}],"collection":[{"href":"https:\/\/www.mariahuset.se\/index.php?rest_route=\/wp\/v2\/pages"}],"about":[{"href":"https:\/\/www.mariahuset.se\/index.php?rest_route=\/wp\/v2\/types\/page"}],"author":[{"embeddable":true,"href":"https:\/\/www.mariahuset.se\/index.php?rest_route=\/wp\/v2\/users\/1"}],"replies":[{"embeddable":true,"href":"https:\/\/www.mariahuset.se\/index.php?rest_route=%2Fwp%2Fv2%2Fcomments&post=2"}],"version-history":[{"count":391,"href":"https:\/\/www.mariahuset.se\/index.php?rest_route=\/wp\/v2\/pages\/2\/revisions"}],"predecessor-version":[{"id":979,"href":"https:\/\/www.mariahuset.se\/index.php?rest_route=\/wp\/v2\/pages\/2\/revisions\/979"}],"wp:attachment":[{"href":"https:\/\/www.mariahuset.se\/index.php?rest_route=%2Fwp%2Fv2%2Fmedia&parent=2"}],"curies":[{"name":"wp","href":"https:\/\/api.w.org\/{rel}","templated":true}]}}